{"id":518,"date":"2025-12-15T11:21:17","date_gmt":"2025-12-15T11:21:17","guid":{"rendered":"https:\/\/www.ms-group.ch\/?page_id=518"},"modified":"2025-12-16T07:45:54","modified_gmt":"2025-12-16T07:45:54","slug":"project-management","status":"publish","type":"page","link":"https:\/\/www.ms-group.ch\/fr\/services\/project-management\/","title":{"rendered":"Gestion de projet"},"content":{"rendered":"<div data-elementor-type=\"wp-page\" data-elementor-id=\"518\" class=\"elementor elementor-518\" data-elementor-post-type=\"page\">\n\t\t\t\t<div class=\"elementor-element elementor-element-2da8c5 e-flex e-con-boxed e-con e-parent\" data-id=\"2da8c5\" data-element_type=\"container\" data-settings=\"{&quot;background_background&quot;:&quot;classic&quot;}\">\n\t\t\t\t\t<div class=\"e-con-inner\">\n\t\t<div class=\"elementor-element elementor-element-76a26f5c e-con-full e-flex e-con e-child\" data-id=\"76a26f5c\" data-element_type=\"container\">\n\t\t\t\t<div class=\"elementor-element elementor-element-4f0018b7 elementor-widget elementor-widget-image\" data-id=\"4f0018b7\" data-element_type=\"widget\" data-widget_type=\"image.default\">\n\t\t\t\t\t\t\t\t\t\t\t\t\t\t\t<img fetchpriority=\"high\" decoding=\"async\" width=\"780\" height=\"166\" src=\"https:\/\/www.ms-group.ch\/wp-content\/uploads\/2025\/12\/logo_MS_Group_Gold_def__002__pages-to-jpg-0001-removebg-preview-e1765626075754.png\" class=\"attachment-large size-large wp-image-88\" alt=\"\" srcset=\"https:\/\/www.ms-group.ch\/wp-content\/uploads\/2025\/12\/logo_MS_Group_Gold_def__002__pages-to-jpg-0001-removebg-preview-e1765626075754.png 780w, https:\/\/www.ms-group.ch\/wp-content\/uploads\/2025\/12\/logo_MS_Group_Gold_def__002__pages-to-jpg-0001-removebg-preview-e1765626075754-300x64.png 300w, https:\/\/www.ms-group.ch\/wp-content\/uploads\/2025\/12\/logo_MS_Group_Gold_def__002__pages-to-jpg-0001-removebg-preview-e1765626075754-768x163.png 768w\" sizes=\"(max-width: 780px) 100vw, 780px\" \/>\t\t\t\t\t\t\t\t\t\t\t\t\t\t\t<\/div>\n\t\t\t\t<div class=\"elementor-element elementor-element-681d0032 elementor-widget elementor-widget-heading\" data-id=\"681d0032\" data-element_type=\"widget\" data-settings=\"{&quot;_animation&quot;:&quot;none&quot;}\" data-widget_type=\"heading.default\">\n\t\t\t\t\t<h1 class=\"elementor-heading-title elementor-size-default\">Gestion de projet<\/h1>\t\t\t\t<\/div>\n\t\t\t\t<div class=\"elementor-element elementor-element-6219651b elementor-widget elementor-widget-heading\" data-id=\"6219651b\" data-element_type=\"widget\" data-settings=\"{&quot;_animation&quot;:&quot;none&quot;}\" data-widget_type=\"heading.default\">\n\t\t\t\t\t<h4 class=\"elementor-heading-title elementor-size-default\">Gestion de projet structur\u00e9e pour les op\u00e9rations complexes impliquant plusieurs parties prenantes.<\/h4>\t\t\t\t<\/div>\n\t\t\t\t<\/div>\n\t\t\t\t\t<\/div>\n\t\t\t\t<\/div>\n\t\t<div class=\"elementor-element elementor-element-47140cbf e-flex e-con-boxed e-con e-parent\" data-id=\"47140cbf\" data-element_type=\"container\">\n\t\t\t\t\t<div class=\"e-con-inner\">\n\t\t\t\t<div class=\"elementor-element elementor-element-7df7a194 elementor-icon-list--layout-inline elementor-list-item-link-full_width elementor-widget elementor-widget-icon-list\" data-id=\"7df7a194\" data-element_type=\"widget\" data-widget_type=\"icon-list.default\">\n\t\t\t\t\t\t\t<ul class=\"elementor-icon-list-items elementor-inline-items\">\n\t\t\t\t\t\t\t<li class=\"elementor-icon-list-item elementor-inline-item\">\n\t\t\t\t\t\t\t\t\t\t\t<a href=\"\/fr\/\">\n\n\t\t\t\t\t\t\t\t\t\t\t<span class=\"elementor-icon-list-text\">Accueil<\/span>\n\t\t\t\t\t\t\t\t\t\t\t<\/a>\n\t\t\t\t\t\t\t\t\t<\/li>\n\t\t\t\t\t\t\t\t<li class=\"elementor-icon-list-item elementor-inline-item\">\n\t\t\t\t\t\t\t\t\t\t\t<a href=\"https:\/\/www.ms-group.ch\/fr\/services\/\">\n\n\t\t\t\t\t\t\t\t\t\t\t\t<span class=\"elementor-icon-list-icon\">\n\t\t\t\t\t\t\t<i aria-hidden=\"true\" class=\"ti-angle-double-right\"><\/i>\t\t\t\t\t\t<\/span>\n\t\t\t\t\t\t\t\t\t\t<span class=\"elementor-icon-list-text\">Services<\/span>\n\t\t\t\t\t\t\t\t\t\t\t<\/a>\n\t\t\t\t\t\t\t\t\t<\/li>\n\t\t\t\t\t\t\t\t<li class=\"elementor-icon-list-item elementor-inline-item\">\n\t\t\t\t\t\t\t\t\t\t\t<a href=\"#\">\n\n\t\t\t\t\t\t\t\t\t\t\t\t<span class=\"elementor-icon-list-icon\">\n\t\t\t\t\t\t\t<i aria-hidden=\"true\" class=\"ti-angle-double-right\"><\/i>\t\t\t\t\t\t<\/span>\n\t\t\t\t\t\t\t\t\t\t<span class=\"elementor-icon-list-text\">Gestion de projet<\/span>\n\t\t\t\t\t\t\t\t\t\t\t<\/a>\n\t\t\t\t\t\t\t\t\t<\/li>\n\t\t\t\t\t\t<\/ul>\n\t\t\t\t\t\t<\/div>\n\t\t\t\t\t<\/div>\n\t\t\t\t<\/div>\n\t\t<div class=\"elementor-element elementor-element-142ca9f6 e-flex e-con-boxed e-con e-parent\" data-id=\"142ca9f6\" data-element_type=\"container\">\n\t\t\t\t\t<div class=\"e-con-inner\">\n\t\t<div class=\"elementor-element elementor-element-79af0ba6 e-con-full animated-slow e-flex elementor-invisible e-con e-child\" data-id=\"79af0ba6\" data-element_type=\"container\" data-settings=\"{&quot;animation&quot;:&quot;fadeIn&quot;,&quot;background_background&quot;:&quot;classic&quot;}\">\n\t\t\t\t<div class=\"elementor-element elementor-element-65920c38 elementor-widget elementor-widget-heading\" data-id=\"65920c38\" data-element_type=\"widget\" data-widget_type=\"heading.default\">\n\t\t\t\t\t<h2 class=\"elementor-heading-title elementor-size-default\">Une approche structur\u00e9e pour les projets complexes<\/h2>\t\t\t\t<\/div>\n\t\t\t\t<div class=\"elementor-element elementor-element-f016c22 elementor-widget-divider--view-line elementor-widget elementor-widget-divider\" data-id=\"f016c22\" data-element_type=\"widget\" data-widget_type=\"divider.default\">\n\t\t\t\t\t\t\t<div class=\"elementor-divider\">\n\t\t\t<span class=\"elementor-divider-separator\">\n\t\t\t\t\t\t<\/span>\n\t\t<\/div>\n\t\t\t\t\t\t<\/div>\n\t\t\t\t<div class=\"elementor-element elementor-element-6996a5d8 elementor-widget elementor-widget-text-editor\" data-id=\"6996a5d8\" data-element_type=\"widget\" data-widget_type=\"text-editor.default\">\n\t\t\t\t\t\t\t\t\t<p>Nos services de gestion de projet sont con\u00e7us pour les missions qui n\u00e9cessitent une coordination pr\u00e9cise, plusieurs flux de services et une responsabilit\u00e9 claire. Nous agissons comme un point de contr\u00f4le unique, en veillant \u00e0 ce que toutes les activit\u00e9s soient align\u00e9es sur les objectifs, les d\u00e9lais et les normes de qualit\u00e9 d\u00e9finis.<\/p><p>Chaque projet b\u00e9n\u00e9ficie d'une planification structur\u00e9e, d'une communication transparente et d'une gestion proactive des risques.<\/p>\t\t\t\t\t\t\t\t<\/div>\n\t\t\t\t<\/div>\n\t\t<div class=\"elementor-element elementor-element-52b1804 e-con-full animated-slow e-flex elementor-invisible e-con e-child\" data-id=\"52b1804\" data-element_type=\"container\" data-settings=\"{&quot;background_background&quot;:&quot;classic&quot;,&quot;animation&quot;:&quot;fadeIn&quot;,&quot;animation_delay&quot;:200}\">\n\t\t\t\t<\/div>\n\t\t\t\t\t<\/div>\n\t\t\t\t<\/div>\n\t\t<div class=\"elementor-element elementor-element-79a049f1 e-flex e-con-boxed e-con e-parent\" data-id=\"79a049f1\" data-element_type=\"container\">\n\t\t\t\t\t<div class=\"e-con-inner\">\n\t\t<div class=\"elementor-element elementor-element-a0bbcbc e-con-full animated-slow e-flex elementor-invisible e-con e-child\" data-id=\"a0bbcbc\" data-element_type=\"container\" data-settings=\"{&quot;background_background&quot;:&quot;classic&quot;,&quot;animation&quot;:&quot;fadeIn&quot;}\">\n\t\t\t\t<\/div>\n\t\t<div class=\"elementor-element elementor-element-417c4228 e-con-full animated-slow e-flex elementor-invisible e-con e-child\" data-id=\"417c4228\" data-element_type=\"container\" data-settings=\"{&quot;animation&quot;:&quot;fadeIn&quot;,&quot;background_background&quot;:&quot;classic&quot;,&quot;animation_delay&quot;:200}\">\n\t\t\t\t<div class=\"elementor-element elementor-element-1b051ad7 elementor-widget elementor-widget-heading\" data-id=\"1b051ad7\" data-element_type=\"widget\" data-widget_type=\"heading.default\">\n\t\t\t\t\t<h2 class=\"elementor-heading-title elementor-size-default\">Planification et coordination<\/h2>\t\t\t\t<\/div>\n\t\t\t\t<div class=\"elementor-element elementor-element-7f3c5d59 elementor-widget-divider--view-line elementor-widget elementor-widget-divider\" data-id=\"7f3c5d59\" data-element_type=\"widget\" data-widget_type=\"divider.default\">\n\t\t\t\t\t\t\t<div class=\"elementor-divider\">\n\t\t\t<span class=\"elementor-divider-separator\">\n\t\t\t\t\t\t<\/span>\n\t\t<\/div>\n\t\t\t\t\t\t<\/div>\n\t\t\t\t<div class=\"elementor-element elementor-element-3dd861e9 elementor-widget elementor-widget-text-editor\" data-id=\"3dd861e9\" data-element_type=\"widget\" data-widget_type=\"text-editor.default\">\n\t\t\t\t\t\t\t\t\t<p>Nous g\u00e9rons la planification des projets depuis l'\u00e9valuation initiale jusqu'\u00e0 l'ex\u00e9cution, en coordonnant les \u00e9quipes internes, les partenaires externes et les prestataires de services. Des \u00e9tapes claires, des responsabilit\u00e9s bien d\u00e9finies et un suivi continu garantissent que les projets avancent efficacement et restent conformes aux attentes des clients.<\/p>\t\t\t\t\t\t\t\t<\/div>\n\t\t\t\t<\/div>\n\t\t\t\t\t<\/div>\n\t\t\t\t<\/div>\n\t\t<div class=\"elementor-element elementor-element-5f24a0a3 e-flex e-con-boxed e-con e-parent\" data-id=\"5f24a0a3\" data-element_type=\"container\">\n\t\t\t\t\t<div class=\"e-con-inner\">\n\t\t<div class=\"elementor-element elementor-element-635f5fa8 e-con-full animated-slow e-flex elementor-invisible e-con e-child\" data-id=\"635f5fa8\" data-element_type=\"container\" data-settings=\"{&quot;animation&quot;:&quot;fadeIn&quot;,&quot;background_background&quot;:&quot;classic&quot;}\">\n\t\t\t\t<div class=\"elementor-element elementor-element-657e3842 elementor-widget elementor-widget-heading\" data-id=\"657e3842\" data-element_type=\"widget\" data-widget_type=\"heading.default\">\n\t\t\t\t\t<h2 class=\"elementor-heading-title elementor-size-default\">G\u00e9rer clairement plusieurs parties prenantes<\/h2>\t\t\t\t<\/div>\n\t\t\t\t<div class=\"elementor-element elementor-element-3fcda965 elementor-widget-divider--view-line elementor-widget elementor-widget-divider\" data-id=\"3fcda965\" data-element_type=\"widget\" data-widget_type=\"divider.default\">\n\t\t\t\t\t\t\t<div class=\"elementor-divider\">\n\t\t\t<span class=\"elementor-divider-separator\">\n\t\t\t\t\t\t<\/span>\n\t\t<\/div>\n\t\t\t\t\t\t<\/div>\n\t\t\t\t<div class=\"elementor-element elementor-element-4d75cb93 elementor-widget elementor-widget-text-editor\" data-id=\"4d75cb93\" data-element_type=\"widget\" data-widget_type=\"text-editor.default\">\n\t\t\t\t\t\t\t\t\t<p>Les projets complexes impliquent souvent plusieurs parties prenantes r\u00e9parties sur diff\u00e9rents sites et dans diff\u00e9rentes disciplines. MS Group Services SA assure une communication structur\u00e9e, des lignes hi\u00e9rarchiques claires et une prise de d\u00e9cision coordonn\u00e9e, ce qui r\u00e9duit les frictions et maintient la dynamique tout au long du cycle de vie du projet.<\/p>\t\t\t\t\t\t\t\t<\/div>\n\t\t\t\t<\/div>\n\t\t<div class=\"elementor-element elementor-element-137daabe e-con-full animated-slow e-flex elementor-invisible e-con e-child\" data-id=\"137daabe\" data-element_type=\"container\" data-settings=\"{&quot;background_background&quot;:&quot;classic&quot;,&quot;animation&quot;:&quot;fadeIn&quot;,&quot;animation_delay&quot;:200}\">\n\t\t\t\t<\/div>\n\t\t\t\t\t<\/div>\n\t\t\t\t<\/div>\n\t\t<div class=\"elementor-element elementor-element-5d02d7f2 e-flex e-con-boxed e-con e-parent\" data-id=\"5d02d7f2\" data-element_type=\"container\">\n\t\t\t\t\t<div class=\"e-con-inner\">\n\t\t<div class=\"elementor-element elementor-element-7d9d4fd9 e-con-full animated-slow e-flex elementor-invisible e-con e-child\" data-id=\"7d9d4fd9\" data-element_type=\"container\" data-settings=\"{&quot;background_background&quot;:&quot;classic&quot;,&quot;animation&quot;:&quot;fadeIn&quot;}\">\n\t\t\t\t<\/div>\n\t\t<div class=\"elementor-element elementor-element-3aae870a e-con-full animated-slow e-flex elementor-invisible e-con e-child\" data-id=\"3aae870a\" data-element_type=\"container\" data-settings=\"{&quot;animation&quot;:&quot;fadeIn&quot;,&quot;background_background&quot;:&quot;classic&quot;,&quot;animation_delay&quot;:200}\">\n\t\t\t\t<div class=\"elementor-element elementor-element-3b9d1f92 elementor-widget elementor-widget-heading\" data-id=\"3b9d1f92\" data-element_type=\"widget\" data-widget_type=\"heading.default\">\n\t\t\t\t\t<h2 class=\"elementor-heading-title elementor-size-default\">Gouvernance, gestion des risques et contr\u00f4le qualit\u00e9<\/h2>\t\t\t\t<\/div>\n\t\t\t\t<div class=\"elementor-element elementor-element-15dacd88 elementor-widget-divider--view-line elementor-widget elementor-widget-divider\" data-id=\"15dacd88\" data-element_type=\"widget\" data-widget_type=\"divider.default\">\n\t\t\t\t\t\t\t<div class=\"elementor-divider\">\n\t\t\t<span class=\"elementor-divider-separator\">\n\t\t\t\t\t\t<\/span>\n\t\t<\/div>\n\t\t\t\t\t\t<\/div>\n\t\t\t\t<div class=\"elementor-element elementor-element-17643f5a elementor-widget elementor-widget-text-editor\" data-id=\"17643f5a\" data-element_type=\"widget\" data-widget_type=\"text-editor.default\">\n\t\t\t\t\t\t\t\t\t<p>Nous mettons en \u0153uvre des cadres de gouvernance qui favorisent la responsabilit\u00e9, la conformit\u00e9 et l'att\u00e9nuation des risques. Des examens r\u00e9guliers de l'avancement, le suivi des probl\u00e8mes et des contr\u00f4les qualit\u00e9 nous permettent d'anticiper les d\u00e9fis et de maintenir des normes \u00e9lev\u00e9es tout au long de la r\u00e9alisation du projet.<\/p>\t\t\t\t\t\t\t\t<\/div>\n\t\t\t\t<\/div>\n\t\t\t\t\t<\/div>\n\t\t\t\t<\/div>\n\t\t<div class=\"elementor-element elementor-element-3e247425 e-flex e-con-boxed e-con e-parent\" data-id=\"3e247425\" data-element_type=\"container\">\n\t\t\t\t\t<div class=\"e-con-inner\">\n\t\t<div class=\"elementor-element elementor-element-7ee0d999 e-con-full animated-slow e-flex elementor-invisible e-con e-child\" data-id=\"7ee0d999\" data-element_type=\"container\" data-settings=\"{&quot;animation&quot;:&quot;fadeIn&quot;,&quot;background_background&quot;:&quot;classic&quot;}\">\n\t\t\t\t<div class=\"elementor-element elementor-element-3351c20b elementor-widget elementor-widget-heading\" data-id=\"3351c20b\" data-element_type=\"widget\" data-widget_type=\"heading.default\">\n\t\t\t\t\t<h2 class=\"elementor-heading-title elementor-size-default\">Int\u00e9gr\u00e9 au sein du groupe MS<\/h2>\t\t\t\t<\/div>\n\t\t\t\t<div class=\"elementor-element elementor-element-7446a4b9 elementor-widget-divider--view-line elementor-widget elementor-widget-divider\" data-id=\"7446a4b9\" data-element_type=\"widget\" data-widget_type=\"divider.default\">\n\t\t\t\t\t\t\t<div class=\"elementor-divider\">\n\t\t\t<span class=\"elementor-divider-separator\">\n\t\t\t\t\t\t<\/span>\n\t\t<\/div>\n\t\t\t\t\t\t<\/div>\n\t\t\t\t<div class=\"elementor-element elementor-element-1e403f2f elementor-widget elementor-widget-text-editor\" data-id=\"1e403f2f\" data-element_type=\"widget\" data-widget_type=\"text-editor.default\">\n\t\t\t\t\t\t\t\t\t<p>Les services de gestion de projet sont enti\u00e8rement int\u00e9gr\u00e9s \u00e0 la structure du groupe MS, ce qui permet une coordination transparente avec les services de d\u00e9m\u00e9nagement, de transfert et d'assistance lorsque cela est n\u00e9cessaire. Cette approche int\u00e9gr\u00e9e garantit l'efficacit\u00e9, la coh\u00e9rence et une exp\u00e9rience client unifi\u00e9e.<\/p>\t\t\t\t\t\t\t\t<\/div>\n\t\t\t\t<\/div>\n\t\t<div class=\"elementor-element elementor-element-ab77384 e-con-full animated-slow e-flex elementor-invisible e-con e-child\" data-id=\"ab77384\" data-element_type=\"container\" data-settings=\"{&quot;animation&quot;:&quot;fadeIn&quot;,&quot;background_background&quot;:&quot;classic&quot;}\">\n\t\t\t\t<div class=\"elementor-element elementor-element-a2dd9fb elementor-widget elementor-widget-heading\" data-id=\"a2dd9fb\" data-element_type=\"widget\" data-widget_type=\"heading.default\">\n\t\t\t\t\t<h2 class=\"elementor-heading-title elementor-size-default\">Supervision num\u00e9rique avec Relo Assist<\/h2>\t\t\t\t<\/div>\n\t\t\t\t<div class=\"elementor-element elementor-element-4e0b368 elementor-widget-divider--view-line elementor-widget elementor-widget-divider\" data-id=\"4e0b368\" data-element_type=\"widget\" data-widget_type=\"divider.default\">\n\t\t\t\t\t\t\t<div class=\"elementor-divider\">\n\t\t\t<span class=\"elementor-divider-separator\">\n\t\t\t\t\t\t<\/span>\n\t\t<\/div>\n\t\t\t\t\t\t<\/div>\n\t\t\t\t<div class=\"elementor-element elementor-element-66c3351 elementor-widget elementor-widget-text-editor\" data-id=\"66c3351\" data-element_type=\"widget\" data-widget_type=\"text-editor.default\">\n\t\t\t\t\t\t\t\t\t<p>Les clients b\u00e9n\u00e9ficient d'un acc\u00e8s num\u00e9rique s\u00e9curis\u00e9 via <strong data-start=\"4411\" data-end=\"4426\">Relo Assist<\/strong>qui permet une communication centralis\u00e9e, la gestion des documents et une visibilit\u00e9 en temps r\u00e9el sur l'ensemble des activit\u00e9s et des \u00e9tapes du projet.<\/p>\t\t\t\t\t\t\t\t<\/div>\n\t\t\t\t<\/div>\n\t\t\t\t\t<\/div>\n\t\t\t\t<\/div>\n\t\t<div class=\"elementor-element elementor-element-cdfc994 e-flex e-con-boxed e-con e-parent\" data-id=\"cdfc994\" data-element_type=\"container\" data-settings=\"{&quot;background_background&quot;:&quot;classic&quot;}\">\n\t\t\t\t\t<div class=\"e-con-inner\">\n\t\t<div class=\"elementor-element elementor-element-25853349 e-con-full e-flex e-con e-child\" data-id=\"25853349\" data-element_type=\"container\">\n\t\t\t\t<div class=\"elementor-element elementor-element-454d0898 animated-slow elementor-invisible elementor-widget elementor-widget-heading\" data-id=\"454d0898\" data-element_type=\"widget\" data-settings=\"{&quot;_animation&quot;:&quot;fadeIn&quot;}\" data-widget_type=\"heading.default\">\n\t\t\t\t\t<div class=\"elementor-heading-title elementor-size-default\">G\u00e9rez des projets complexes en toute confiance<\/div>\t\t\t\t<\/div>\n\t\t\t\t<div class=\"elementor-element elementor-element-65f87d44 elementor-widget elementor-widget-text-editor\" data-id=\"65f87d44\" data-element_type=\"widget\" data-widget_type=\"text-editor.default\">\n\t\t\t\t\t\t\t\t\t<p>MS Group Services SA soutient les projets complexes gr\u00e2ce \u00e0 une planification structur\u00e9e, une gouvernance claire et une supervision exp\u00e9riment\u00e9e. Notre approche de la gestion de projet garantit la coordination, la transparence et le contr\u00f4le \u00e0 chaque \u00e9tape, vous permettant d'avancer en toute confiance.<\/p>\t\t\t\t\t\t\t\t<\/div>\n\t\t<div class=\"elementor-element elementor-element-2219c0f3 e-con-full e-flex e-con e-child\" data-id=\"2219c0f3\" data-element_type=\"container\">\n\t\t\t\t<div class=\"elementor-element elementor-element-9018452 elementor-align-center animated-slow elementor-invisible elementor-widget elementor-widget-button\" data-id=\"9018452\" data-element_type=\"widget\" data-settings=\"{&quot;_animation&quot;:&quot;fadeIn&quot;,&quot;_animation_delay&quot;:400}\" data-widget_type=\"button.default\">\n\t\t\t\t\t\t\t\t\t\t<a class=\"elementor-button elementor-button-link elementor-size-sm\" href=\"https:\/\/www.ms-group.ch\/fr\/contact\/\">\n\t\t\t\t\t\t<span class=\"elementor-button-content-wrapper\">\n\t\t\t\t\t\t<span class=\"elementor-button-icon\">\n\t\t\t\t<i aria-hidden=\"true\" class=\"icon icon-arrow-right\"><\/i>\t\t\t<\/span>\n\t\t\t\t\t\t\t\t\t<span class=\"elementor-button-text\">Contactez-nous<\/span>\n\t\t\t\t\t<\/span>\n\t\t\t\t\t<\/a>\n\t\t\t\t\t\t\t\t<\/div>\n\t\t\t\t<div class=\"elementor-element elementor-element-79e76464 elementor-align-center animated-slow elementor-invisible elementor-widget elementor-widget-button\" data-id=\"79e76464\" data-element_type=\"widget\" data-settings=\"{&quot;_animation&quot;:&quot;fadeIn&quot;,&quot;_animation_delay&quot;:400}\" data-widget_type=\"button.default\">\n\t\t\t\t\t\t\t\t\t\t<a class=\"elementor-button elementor-button-link elementor-size-sm\" href=\"#\">\n\t\t\t\t\t\t<span class=\"elementor-button-content-wrapper\">\n\t\t\t\t\t\t<span class=\"elementor-button-icon\">\n\t\t\t\t<i aria-hidden=\"true\" class=\"icon icon-arrow-right\"><\/i>\t\t\t<\/span>\n\t\t\t\t\t\t\t\t\t<span class=\"elementor-button-text\">Acc\u00e8s client \u2013 Relo Assist<\/span>\n\t\t\t\t\t<\/span>\n\t\t\t\t\t<\/a>\n\t\t\t\t\t\t\t\t<\/div>\n\t\t\t\t<\/div>\n\t\t\t\t<\/div>\n\t\t\t\t\t<\/div>\n\t\t\t\t<\/div>\n\t\t\t\t<\/div>","protected":false},"excerpt":{"rendered":"<p>Structured project management for complex, multi-stakeholder operations. Home Services A Structured Approach to Complex Projects Our project management services are [&hellip;]<\/p>","protected":false},"author":1,"featured_media":0,"parent":69,"menu_order":0,"comment_status":"closed","ping_status":"closed","template":"elementor_header_footer","meta":{"site-sidebar-layout":"no-sidebar","site-content-layout":"","ast-site-content-layout":"full-width-container","site-content-style":"default","site-sidebar-style":"default","ast-global-header-display":"","ast-banner-title-visibility":"","ast-main-header-display":"","ast-hfb-above-header-display":"","ast-hfb-below-header-display":"","ast-hfb-mobile-header-display":"","site-post-title":"","ast-breadcrumbs-content":"","ast-featured-img":"disabled","footer-sml-layout":"","ast-disable-related-posts":"","theme-transparent-header-meta":"","adv-header-id-meta":"","stick-header-meta":"","header-above-stick-meta":"","header-main-stick-meta":"","header-below-stick-meta":"","astra-migrate-meta-layouts":"default","ast-page-background-enabled":"default","ast-page-background-meta":{"desktop":{"background-color":"var(--ast-global-color-5)","background-image":"","background-repeat":"repeat","background-position":"center center","background-size":"auto","background-attachment":"scroll","background-type":"","background-media":"","overlay-type":"","overlay-color":"","overlay-opacity":"","overlay-gradient":""},"tablet":{"background-color":"","background-image":"","background-repeat":"repeat","background-position":"center center","background-size":"auto","background-attachment":"scroll","background-type":"","background-media":"","overlay-type":"","overlay-color":"","overlay-opacity":"","overlay-gradient":""},"mobile":{"background-color":"","background-image":"","background-repeat":"repeat","background-position":"center center","background-size":"auto","background-attachment":"scroll","background-type":"","background-media":"","overlay-type":"","overlay-color":"","overlay-opacity":"","overlay-gradient":""}},"ast-content-background-meta":{"desktop":{"background-color":"var(--ast-global-color-4)","background-image":"","background-repeat":"repeat","background-position":"center center","background-size":"auto","background-attachment":"scroll","background-type":"","background-media":"","overlay-type":"","overlay-color":"","overlay-opacity":"","overlay-gradient":""},"tablet":{"background-color":"var(--ast-global-color-4)","background-image":"","background-repeat":"repeat","background-position":"center center","background-size":"auto","background-attachment":"scroll","background-type":"","background-media":"","overlay-type":"","overlay-color":"","overlay-opacity":"","overlay-gradient":""},"mobile":{"background-color":"var(--ast-global-color-4)","background-image":"","background-repeat":"repeat","background-position":"center center","background-size":"auto","background-attachment":"scroll","background-type":"","background-media":"","overlay-type":"","overlay-color":"","overlay-opacity":"","overlay-gradient":""}},"footnotes":""},"class_list":["post-518","page","type-page","status-publish","hentry"],"_links":{"self":[{"href":"https:\/\/www.ms-group.ch\/fr\/wp-json\/wp\/v2\/pages\/518","targetHints":{"allow":["GET"]}}],"collection":[{"href":"https:\/\/www.ms-group.ch\/fr\/wp-json\/wp\/v2\/pages"}],"about":[{"href":"https:\/\/www.ms-group.ch\/fr\/wp-json\/wp\/v2\/types\/page"}],"author":[{"embeddable":true,"href":"https:\/\/www.ms-group.ch\/fr\/wp-json\/wp\/v2\/users\/1"}],"replies":[{"embeddable":true,"href":"https:\/\/www.ms-group.ch\/fr\/wp-json\/wp\/v2\/comments?post=518"}],"version-history":[{"count":25,"href":"https:\/\/www.ms-group.ch\/fr\/wp-json\/wp\/v2\/pages\/518\/revisions"}],"predecessor-version":[{"id":708,"href":"https:\/\/www.ms-group.ch\/fr\/wp-json\/wp\/v2\/pages\/518\/revisions\/708"}],"up":[{"embeddable":true,"href":"https:\/\/www.ms-group.ch\/fr\/wp-json\/wp\/v2\/pages\/69"}],"wp:attachment":[{"href":"https:\/\/www.ms-group.ch\/fr\/wp-json\/wp\/v2\/media?parent=518"}],"curies":[{"name":"wp","href":"https:\/\/api.w.org\/{rel}","templated":true}]}}